{"id":150554,"date":"2024-10-11T00:31:04","date_gmt":"2024-10-10T21:31:04","guid":{"rendered":"https:\/\/crm.rberet.com\/?page_id=150554"},"modified":"2024-10-11T00:32:51","modified_gmt":"2024-10-10T21:32:51","slug":"intellectual-capitals","status":"publish","type":"page","link":"https:\/\/cosmo.rberet.com\/ro\/countries\/intellectual-capitals\/","title":{"rendered":"Capitale intelectuale"},"content":{"rendered":"<div data-elementor-type=\"wp-page\" data-elementor-id=\"150554\" class=\"elementor elementor-150554\" data-elementor-post-type=\"page\">\n\t\t\t\t\t\t<section class=\"elementor-section elementor-top-section elementor-element elementor-element-49e9b7a elementor-section-full_width elementor-section-height-default elementor-section-height-default\" data-id=\"49e9b7a\" data-element_type=\"section\" data-e-type=\"section\">\n\t\t\t\t\t\t<div class=\"elementor-container elementor-column-gap-no\">\n\t\t\t\t\t<div class=\"elementor-column elementor-col-100 elementor-top-column elementor-element elementor-element-55ade6e\" data-id=\"55ade6e\" data-element_type=\"column\" data-e-type=\"column\">\n\t\t\t<div class=\"elementor-widget-wrap elementor-element-populated\">\n\t\t\t\t\t\t<section class=\"elementor-section elementor-inner-section elementor-element elementor-element-c383e25 elementor-section-content-middle elementor-section-boxed elementor-section-height-default elementor-section-height-default\" data-id=\"c383e25\" data-element_type=\"section\" data-e-type=\"section\">\n\t\t\t\t\t\t<div class=\"elementor-container elementor-column-gap-default\">\n\t\t\t\t\t<div class=\"elementor-column elementor-col-50 elementor-inner-column elementor-element elementor-element-fd724fa\" data-id=\"fd724fa\" data-element_type=\"column\" data-e-type=\"column\">\n\t\t\t<div class=\"elementor-widget-wrap elementor-element-populated\">\n\t\t\t\t\t\t<div class=\"elementor-element elementor-element-1f2210e elementor-widget elementor-widget-int-sec-title\" data-id=\"1f2210e\" data-element_type=\"widget\" data-e-type=\"widget\" data-widget_type=\"int-sec-title.default\">\n\t\t\t\t<div class=\"elementor-widget-container\">\n\t\t\t\t\t                <div class=\"sec-title\">\n                            <h2 class=\"title wow skewIn\">Exploreaz\u0103 lumea \n<span>Hub-uri academice de top<\/span><\/h2>\n                    <\/div>\n    \t\t\t\t<\/div>\n\t\t\t\t<\/div>\n\t\t\t\t\t<\/div>\n\t\t<\/div>\n\t\t\t\t<div class=\"elementor-column elementor-col-50 elementor-inner-column elementor-element elementor-element-0afbd42\" data-id=\"0afbd42\" data-element_type=\"column\" data-e-type=\"column\">\n\t\t\t<div class=\"elementor-widget-wrap elementor-element-populated\">\n\t\t\t\t\t\t<div class=\"elementor-element elementor-element-6131c9c elementor-widget elementor-widget-text-editor\" data-id=\"6131c9c\" data-element_type=\"widget\" data-e-type=\"widget\" data-widget_type=\"text-editor.default\">\n\t\t\t\t<div class=\"elementor-widget-container\">\n\t\t\t\t\t\t\t\t\tDescoperi\u021bi \u021b\u0103rile care g\u0103zduiesc unele dintre cele mai prestigioase universit\u0103\u021bi \u0219i institu\u021bii de cercetare de pe tot globul.\t\t\t\t\t\t\t\t<\/div>\n\t\t\t\t<\/div>\n\t\t\t\t\t<\/div>\n\t\t<\/div>\n\t\t\t\t\t<\/div>\n\t\t<\/section>\n\t\t\t\t<div class=\"elementor-element elementor-element-7bfad1f elementor-widget elementor-widget-int-country-tab\" data-id=\"7bfad1f\" data-element_type=\"widget\" data-e-type=\"widget\" data-widget_type=\"int-country-tab.default\">\n\t\t\t\t<div class=\"elementor-widget-container\">\n\t\t\t\t\t        <div class=\"container mxw_1320\">\n            <ul class=\"xb-country-nav nav nav-tabs ul_li_between mb-65\" id=\"myTab\" role=\"tablist\">\n                \n      <li class=\"nav-item\" role=\"presentation\">\n        <button class=\"nav-link active\" id=\"d-1-tab\" data-bs-toggle=\"tab\" data-bs-target=\"#d-1\" type=\"button\" role=\"tab\" aria-controls=\"d-1\" aria-selected=\"true\">Centrale de putere<\/button>\n      <\/li>    \n                <\/ul>\n        <\/div>\n\n        <div class=\"tab-content\" id=\"myTabContent\">\n            \n      <div class=\"tab-pane animated fadeInUp show active\" id=\"d-1\" role=\"tabpanel\" aria-labelledby=\"d-1-tab\">\n        \t\t<div data-elementor-type=\"page\" data-elementor-id=\"665\" class=\"elementor elementor-665\" data-elementor-post-type=\"elementor_library\">\n\t\t\t\t\t\t<section class=\"elementor-section elementor-top-section elementor-element elementor-element-d35baf1 elementor-section-boxed elementor-section-height-default elementor-section-height-default\" data-id=\"d35baf1\" data-element_type=\"section\" data-e-type=\"section\">\n\t\t\t\t\t\t<div class=\"elementor-container elementor-column-gap-default\">\n\t\t\t\t\t<div class=\"elementor-column elementor-col-100 elementor-top-column elementor-element elementor-element-d11fc90\" data-id=\"d11fc90\" data-element_type=\"column\" data-e-type=\"column\">\n\t\t\t<div class=\"elementor-widget-wrap elementor-element-populated\">\n\t\t\t\t\t\t<div class=\"elementor-element elementor-element-56feb5c elementor-widget elementor-widget-int-country\" data-id=\"56feb5c\" data-element_type=\"widget\" data-e-type=\"widget\" data-widget_type=\"int-country.default\">\n\t\t\t\t<div class=\"elementor-widget-container\">\n\t\t\t\t\t<div class=\"xb-country ul_li\"><div class=\"xb-item--item\"><a href=\"https:\/\/cosmo.rberet.com\/ro\/country\/austria-2\/\" class=\"xb-item--inner ul_li\"><div class=\"xb-item--flag\"><img decoding=\"async\" src=\"https:\/\/cosmo.rberet.com\/wp-content\/uploads\/2024\/08\/austria-197447.png\" alt=\"\"><\/div><h3 class=\"xb-item--title\">Austria<\/h3><\/a><\/div><div class=\"xb-item--item\"><a href=\"https:\/\/cosmo.rberet.com\/ro\/country\/belgium\/\" class=\"xb-item--inner ul_li\"><div class=\"xb-item--flag\"><img decoding=\"async\" src=\"https:\/\/cosmo.rberet.com\/wp-content\/uploads\/2024\/08\/001-belgium.png\" alt=\"\"><\/div><h3 class=\"xb-item--title\">Belgia<\/h3><\/a><\/div><div class=\"xb-item--item\"><a href=\"https:\/\/cosmo.rberet.com\/ro\/country\/cyprus\/\" class=\"xb-item--inner ul_li\"><div class=\"xb-item--flag\"><img decoding=\"async\" src=\"https:\/\/cosmo.rberet.com\/wp-content\/uploads\/2024\/08\/cyprus-197607.png\" alt=\"\"><\/div><h3 class=\"xb-item--title\">Cipru<\/h3><\/a><\/div><div class=\"xb-item--item\"><a href=\"https:\/\/cosmo.rberet.com\/ro\/country\/denmark\/\" class=\"xb-item--inner ul_li\"><div class=\"xb-item--flag\"><img decoding=\"async\" src=\"https:\/\/cosmo.rberet.com\/wp-content\/uploads\/2024\/08\/denmark-197565.png\" alt=\"\"><\/div><h3 class=\"xb-item--title\">Danemarca<\/h3><\/a><\/div><div class=\"xb-item--item\"><a href=\"https:\/\/cosmo.rberet.com\/ro\/country\/france\/\" class=\"xb-item--inner ul_li\"><div class=\"xb-item--flag\"><img decoding=\"async\" src=\"https:\/\/cosmo.rberet.com\/wp-content\/uploads\/2024\/08\/france-197560.png\" alt=\"\"><\/div><h3 class=\"xb-item--title\">Fran\u021ba<\/h3><\/a><\/div><div class=\"xb-item--item\"><a href=\"https:\/\/cosmo.rberet.com\/ro\/country\/finland-2\/\" class=\"xb-item--inner ul_li\"><div class=\"xb-item--flag\"><img decoding=\"async\" src=\"https:\/\/cosmo.rberet.com\/wp-content\/uploads\/2023\/12\/finland.png\" alt=\"\"><\/div><h3 class=\"xb-item--title\">Finlanda<\/h3><\/a><\/div><div class=\"xb-item--item\"><a href=\"https:\/\/cosmo.rberet.com\/ro\/country\/greece\/\" class=\"xb-item--inner ul_li\"><div class=\"xb-item--flag\"><img decoding=\"async\" src=\"https:\/\/cosmo.rberet.com\/wp-content\/uploads\/2024\/08\/greece-197566.png\" alt=\"\"><\/div><h3 class=\"xb-item--title\">Grecia<\/h3><\/a><\/div><div class=\"xb-item--item\"><a href=\"https:\/\/cosmo.rberet.com\/ro\/country\/ireland\/\" class=\"xb-item--inner ul_li\"><div class=\"xb-item--flag\"><img decoding=\"async\" src=\"https:\/\/cosmo.rberet.com\/wp-content\/uploads\/2024\/08\/ireland-197567.png\" alt=\"\"><\/div><h3 class=\"xb-item--title\">Irlanda<\/h3><\/a><\/div><div class=\"xb-item--item\"><a href=\"https:\/\/cosmo.rberet.com\/ro\/country\/italy\/\" class=\"xb-item--inner ul_li\"><div class=\"xb-item--flag\"><img decoding=\"async\" src=\"https:\/\/cosmo.rberet.com\/wp-content\/uploads\/2024\/08\/italy-197626.png\" alt=\"\"><\/div><h3 class=\"xb-item--title\">Italia<\/h3><\/a><\/div><div class=\"xb-item--item\"><a href=\"https:\/\/cosmo.rberet.com\/ro\/country\/monaco\/\" class=\"xb-item--inner ul_li\"><div class=\"xb-item--flag\"><img decoding=\"async\" src=\"https:\/\/cosmo.rberet.com\/wp-content\/uploads\/2024\/08\/monaco-197594.png\" alt=\"\"><\/div><h3 class=\"xb-item--title\">Monaco<\/h3><\/a><\/div><div class=\"xb-item--item\"><a href=\"https:\/\/cosmo.rberet.com\/ro\/country\/norway\/\" class=\"xb-item--inner ul_li\"><div class=\"xb-item--flag\"><img decoding=\"async\" src=\"https:\/\/cosmo.rberet.com\/wp-content\/uploads\/2024\/08\/norway-197579.png\" alt=\"\"><\/div><h3 class=\"xb-item--title\">Norvegia<\/h3><\/a><\/div><div class=\"xb-item--item\"><a href=\"https:\/\/cosmo.rberet.com\/ro\/country\/netherlands\/\" class=\"xb-item--inner ul_li\"><div class=\"xb-item--flag\"><img decoding=\"async\" src=\"https:\/\/cosmo.rberet.com\/wp-content\/uploads\/2024\/08\/netherlands-197441.png\" alt=\"\"><\/div><h3 class=\"xb-item--title\">\u021a\u0103rile de Jos<\/h3><\/a><\/div><div class=\"xb-item--item\"><a href=\"https:\/\/cosmo.rberet.com\/ro\/country\/sweden\/\" class=\"xb-item--inner ul_li\"><div class=\"xb-item--flag\"><img decoding=\"async\" src=\"https:\/\/cosmo.rberet.com\/wp-content\/uploads\/2024\/08\/sweden-197564.png\" alt=\"\"><\/div><h3 class=\"xb-item--title\">Suedia<\/h3><\/a><\/div><div class=\"xb-item--item\"><a href=\"https:\/\/cosmo.rberet.com\/ro\/country\/austria\/\" class=\"xb-item--inner ul_li\"><div class=\"xb-item--flag\"><img decoding=\"async\" src=\"https:\/\/cosmo.rberet.com\/wp-content\/uploads\/2024\/08\/switzerland-197540.png\" alt=\"\"><\/div><h3 class=\"xb-item--title\">Elve\u021bia<\/h3><\/a><\/div><div class=\"xb-item--item\"><a href=\"https:\/\/cosmo.rberet.com\/ro\/country\/spain\/\" class=\"xb-item--inner ul_li\"><div class=\"xb-item--flag\"><img decoding=\"async\" src=\"https:\/\/cosmo.rberet.com\/wp-content\/uploads\/2024\/08\/spain-197593.png\" alt=\"\"><\/div><h3 class=\"xb-item--title\">Spania<\/h3><\/a><\/div><div class=\"xb-item--item\"><a href=\"https:\/\/cosmo.rberet.com\/ro\/country\/turkey\/\" class=\"xb-item--inner ul_li\"><div class=\"xb-item--flag\"><img decoding=\"async\" src=\"https:\/\/cosmo.rberet.com\/wp-content\/uploads\/2024\/08\/turkey-197518.png\" alt=\"\"><\/div><h3 class=\"xb-item--title\">Curcan<\/h3><\/a><\/div><div class=\"xb-item--item\"><a href=\"https:\/\/cosmo.rberet.com\/ro\/country\/united-kingdom\/\" class=\"xb-item--inner ul_li\"><div class=\"xb-item--flag\"><img decoding=\"async\" src=\"https:\/\/cosmo.rberet.com\/wp-content\/uploads\/2024\/08\/united-kingdom-197374.png\" alt=\"\"><\/div><h3 class=\"xb-item--title\">Regatul Unit<\/h3><\/a><\/div><\/div>\t\t\t\t<\/div>\n\t\t\t\t<\/div>\n\t\t\t\t\t<\/div>\n\t\t<\/div>\n\t\t\t\t\t<\/div>\n\t\t<\/section>\n\t\t\t\t<\/div>\n\t\t\n      <\/div>\n              <\/div>\n        \t\t\t\t<\/div>\n\t\t\t\t<\/div>\n\t\t\t\t\t<\/div>\n\t\t<\/div>\n\t\t\t\t\t<\/div>\n\t\t<\/section>\n\t\t\t\t<\/div>","protected":false},"excerpt":{"rendered":"<p>Explore the World&#8217;s Leading Academic Hubs Discover countries that are home to some of the most prestigious universities and research institutions across the globe. Powerhouses Austria Belgium Cyprus Denmark France Finland Greece Ireland Italy Monaco Norway Netherlands Sweden Switzerland Spain Turkey United Kingdom<\/p>","protected":false},"author":3548,"featured_media":0,"parent":108,"menu_order":0,"comment_status":"closed","ping_status":"closed","template":"evisa-template.php","meta":{"_acf_changed":false,"inline_featured_image":false,"_sharing_image":[],"_sharing_image_fieldset":[],"footnotes":""},"class_list":["post-150554","page","type-page","status-publish","hentry"],"acf":[],"_links":{"self":[{"href":"https:\/\/cosmo.rberet.com\/ro\/wp-json\/wp\/v2\/pages\/150554","targetHints":{"allow":["GET"]}}],"collection":[{"href":"https:\/\/cosmo.rberet.com\/ro\/wp-json\/wp\/v2\/pages"}],"about":[{"href":"https:\/\/cosmo.rberet.com\/ro\/wp-json\/wp\/v2\/types\/page"}],"author":[{"embeddable":true,"href":"https:\/\/cosmo.rberet.com\/ro\/wp-json\/wp\/v2\/users\/3548"}],"replies":[{"embeddable":true,"href":"https:\/\/cosmo.rberet.com\/ro\/wp-json\/wp\/v2\/comments?post=150554"}],"version-history":[{"count":0,"href":"https:\/\/cosmo.rberet.com\/ro\/wp-json\/wp\/v2\/pages\/150554\/revisions"}],"up":[{"embeddable":true,"href":"https:\/\/cosmo.rberet.com\/ro\/wp-json\/wp\/v2\/pages\/108"}],"wp:attachment":[{"href":"https:\/\/cosmo.rberet.com\/ro\/wp-json\/wp\/v2\/media?parent=150554"}],"curies":[{"name":"wp","href":"https:\/\/api.w.org\/{rel}","templated":true}]}}